{"id":1002,"date":"2026-02-26T18:35:32","date_gmt":"2026-02-26T18:35:32","guid":{"rendered":"https:\/\/www.gaiaschoolcr.org\/?page_id=1002"},"modified":"2026-05-13T15:33:34","modified_gmt":"2026-05-13T15:33:34","slug":"ways-to-give","status":"publish","type":"page","link":"https:\/\/www.gaiaschoolcr.org\/es\/ways-to-give\/","title":{"rendered":"Formas de contribuir"},"content":{"rendered":"<div data-elementor-type=\"wp-page\" data-elementor-id=\"1002\" class=\"elementor elementor-1002\" data-elementor-post-type=\"page\">\n\t\t\t\t<div class=\"elementor-element elementor-element-5fcd60f e-flex e-con-boxed e-con e-parent\" data-id=\"5fcd60f\" data-element_type=\"container\" data-e-type=\"container\" data-settings=\"{&quot;background_background&quot;:&quot;classic&quot;,&quot;jet_parallax_layout_list&quot;:[]}\">\n\t\t\t\t\t<div class=\"e-con-inner\">\n\t\t\t\t<div class=\"elementor-element elementor-element-6b494c9 elementor-widget__width-initial elementor-widget-mobile__width-inherit elementor-widget elementor-widget-heading\" data-id=\"6b494c9\" data-element_type=\"widget\" data-e-type=\"widget\" data-widget_type=\"heading.default\">\n\t\t\t\t\t<h2 class=\"elementor-heading-title elementor-size-default\">Formas de contribuir<\/h2>\t\t\t\t<\/div>\n\t\t\t\t\t<\/div>\n\t\t\t\t<\/div>\n\t\t<div class=\"elementor-element elementor-element-5e3bcd9 e-flex e-con-boxed e-con e-parent\" data-id=\"5e3bcd9\" data-element_type=\"container\" data-e-type=\"container\" data-settings=\"{&quot;background_background&quot;:&quot;classic&quot;,&quot;jet_parallax_layout_list&quot;:[]}\">\n\t\t\t\t\t<div class=\"e-con-inner\">\n\t\t<div class=\"elementor-element elementor-element-d80ffe0 e-con-full e-flex e-con e-child\" data-id=\"d80ffe0\" data-element_type=\"container\" data-e-type=\"container\" data-settings=\"{&quot;jet_parallax_layout_list&quot;:[]}\">\n\t\t\t\t<div class=\"elementor-element elementor-element-4ef0e33 elementor-widget elementor-widget-text-editor\" data-id=\"4ef0e33\" data-element_type=\"widget\" data-e-type=\"widget\" data-widget_type=\"text-editor.default\">\n\t\t\t\t\t\t\t\t\t<p>En Gaia School valoramos profundamente la generosidad y el apoyo de personas interesadas en contribuir a nuestra misi\u00f3n de ofrecer una educaci\u00f3n integral y significativa para nuestros estudiantes.<\/p><p>Existen distintas maneras de apoyar a la escuela. Cada contribuci\u00f3n ayuda a ampliar el acceso a nuestro programa educativo y acompa\u00f1a a estudiantes de nuestra comunidad.<\/p>\t\t\t\t\t\t\t\t<\/div>\n\t\t\t\t<\/div>\n\t\t<div class=\"elementor-element elementor-element-f863f77 e-con-full e-flex e-con e-child\" data-id=\"f863f77\" data-element_type=\"container\" data-e-type=\"container\" data-settings=\"{&quot;jet_parallax_layout_list&quot;:[]}\">\n\t\t<div class=\"elementor-element elementor-element-1526fdd e-con-full e-flex e-con e-child\" data-id=\"1526fdd\" data-element_type=\"container\" data-e-type=\"container\" data-settings=\"{&quot;jet_parallax_layout_list&quot;:[]}\">\n\t\t\t\t<div class=\"elementor-element elementor-element-990e00f elementor-widget elementor-widget-image\" data-id=\"990e00f\" data-element_type=\"widget\" data-e-type=\"widget\" data-widget_type=\"image.default\">\n\t\t\t\t\t\t\t\t\t\t\t\t\t\t\t<img fetchpriority=\"high\" decoding=\"async\" width=\"1920\" height=\"1281\" src=\"https:\/\/www.gaiaschoolcr.org\/wp-content\/uploads\/2026\/01\/FOTO-PARA-SCREESHOT.jpg\" class=\"attachment-full size-full wp-image-630\" alt=\"\" srcset=\"https:\/\/www.gaiaschoolcr.org\/wp-content\/uploads\/2026\/01\/FOTO-PARA-SCREESHOT.jpg 1920w, https:\/\/www.gaiaschoolcr.org\/wp-content\/uploads\/2026\/01\/FOTO-PARA-SCREESHOT-300x200.jpg 300w, https:\/\/www.gaiaschoolcr.org\/wp-content\/uploads\/2026\/01\/FOTO-PARA-SCREESHOT-1024x683.jpg 1024w, https:\/\/www.gaiaschoolcr.org\/wp-content\/uploads\/2026\/01\/FOTO-PARA-SCREESHOT-768x512.jpg 768w, https:\/\/www.gaiaschoolcr.org\/wp-content\/uploads\/2026\/01\/FOTO-PARA-SCREESHOT-1536x1025.jpg 1536w, https:\/\/www.gaiaschoolcr.org\/wp-content\/uploads\/2026\/01\/FOTO-PARA-SCREESHOT-2048x1366.jpg 2048w, https:\/\/www.gaiaschoolcr.org\/wp-content\/uploads\/2026\/01\/FOTO-PARA-SCREESHOT-18x12.jpg 18w\" sizes=\"(max-width: 1920px) 100vw, 1920px\" \/>\t\t\t\t\t\t\t\t\t\t\t\t\t\t\t<\/div>\n\t\t\t\t<\/div>\n\t\t<div class=\"elementor-element elementor-element-ebb698d e-con-full e-flex e-con e-child\" data-id=\"ebb698d\" data-element_type=\"container\" data-e-type=\"container\" data-settings=\"{&quot;background_background&quot;:&quot;classic&quot;,&quot;jet_parallax_layout_list&quot;:[]}\">\n\t\t\t\t<div class=\"elementor-element elementor-element-3763b3c elementor-widget elementor-widget-heading\" data-id=\"3763b3c\" data-element_type=\"widget\" data-e-type=\"widget\" data-widget_type=\"heading.default\">\n\t\t\t\t\t<h2 class=\"elementor-heading-title elementor-size-default\">Donaci\u00f3n \u00fanica<br>al fondo de becas\n<\/h2>\t\t\t\t<\/div>\n\t\t\t\t<div class=\"elementor-element elementor-element-ab5e5e2 elementor-widget elementor-widget-text-editor\" data-id=\"ab5e5e2\" data-element_type=\"widget\" data-e-type=\"widget\" data-widget_type=\"text-editor.default\">\n\t\t\t\t\t\t\t\t\t<p><span style=\"font-weight: 400;\">Apoy\u00e1 el acceso a la educaci\u00f3n Waldorf para ni\u00f1os de nuestra comunidad. Tu contribuci\u00f3n ayuda a cubrir mensualidades, materiales y recursos esenciales para estudiantes que de otra manera no tendr\u00edan la oportunidad de asistir a Gaia School.<\/span><\/p><p><span style=\"font-weight: 400;\">Montos sugeridos para donaciones \u00fanicas:<\/span><span style=\"font-weight: 400;\"><br \/><\/span> <span style=\"font-weight: 400;\">$500 \u00b7 $1,000 \u00b7 $2,000 \u00b7 $5,000<\/span><\/p>\t\t\t\t\t\t\t\t<\/div>\n\t\t\t\t<\/div>\n\t\t\t\t<\/div>\n\t\t<div class=\"elementor-element elementor-element-fa1a464 e-con-full e-flex e-con e-child\" data-id=\"fa1a464\" data-element_type=\"container\" data-e-type=\"container\" data-settings=\"{&quot;jet_parallax_layout_list&quot;:[]}\">\n\t\t<div class=\"elementor-element elementor-element-613b719 e-con-full e-flex e-con e-child\" data-id=\"613b719\" data-element_type=\"container\" data-e-type=\"container\" data-settings=\"{&quot;background_background&quot;:&quot;classic&quot;,&quot;jet_parallax_layout_list&quot;:[]}\">\n\t\t\t\t<div class=\"elementor-element elementor-element-44b91cb elementor-widget elementor-widget-heading\" data-id=\"44b91cb\" data-element_type=\"widget\" data-e-type=\"widget\" data-widget_type=\"heading.default\">\n\t\t\t\t\t<h2 class=\"elementor-heading-title elementor-size-default\">Patrocin\u00e1 a un estudiante<\/h2>\t\t\t\t<\/div>\n\t\t\t\t<div class=\"elementor-element elementor-element-fe1322a elementor-widget elementor-widget-text-editor\" data-id=\"fe1322a\" data-element_type=\"widget\" data-e-type=\"widget\" data-widget_type=\"text-editor.default\">\n\t\t\t\t\t\t\t\t\t<p><span style=\"font-weight: 400;\">Realiz\u00e1 una contribuci\u00f3n significativa patrocinando a un estudiante durante un ciclo lectivo completo. Este apoyo cubre mensualidades, materiales y experiencias educativas fundamentales.<\/span><\/p><p><b>Patrocinio completo:<\/b><span style=\"font-weight: 400;\"> $13,000 por a\u00f1o<\/span><\/p>\t\t\t\t\t\t\t\t<\/div>\n\t\t\t\t<\/div>\n\t\t<div class=\"elementor-element elementor-element-49584e6 e-con-full e-flex e-con e-child\" data-id=\"49584e6\" data-element_type=\"container\" data-e-type=\"container\" data-settings=\"{&quot;jet_parallax_layout_list&quot;:[]}\">\n\t\t\t\t<div class=\"elementor-element elementor-element-7cee50d elementor-widget elementor-widget-image\" data-id=\"7cee50d\" data-element_type=\"widget\" data-e-type=\"widget\" data-widget_type=\"image.default\">\n\t\t\t\t\t\t\t\t\t\t\t\t\t\t\t<img decoding=\"async\" width=\"800\" height=\"534\" data-src=\"https:\/\/www.gaiaschoolcr.org\/wp-content\/uploads\/2026\/01\/DSC08880-1024x683.jpg\" class=\"attachment-large size-large wp-image-647 lazyload\" alt=\"\" data-srcset=\"https:\/\/www.gaiaschoolcr.org\/wp-content\/uploads\/2026\/01\/DSC08880-1024x683.jpg 1024w, https:\/\/www.gaiaschoolcr.org\/wp-content\/uploads\/2026\/01\/DSC08880-300x200.jpg 300w, https:\/\/www.gaiaschoolcr.org\/wp-content\/uploads\/2026\/01\/DSC08880-768x512.jpg 768w, https:\/\/www.gaiaschoolcr.org\/wp-content\/uploads\/2026\/01\/DSC08880-1536x1025.jpg 1536w, https:\/\/www.gaiaschoolcr.org\/wp-content\/uploads\/2026\/01\/DSC08880-2048x1366.jpg 2048w, https:\/\/www.gaiaschoolcr.org\/wp-content\/uploads\/2026\/01\/DSC08880-18x12.jpg 18w\" data-sizes=\"(max-width: 800px) 100vw, 800px\" src=\"data:image\/svg+xml;base64,PHN2ZyB3aWR0aD0iMSIgaGVpZ2h0PSIxIiB4bWxucz0iaHR0cDovL3d3dy53My5vcmcvMjAwMC9zdmciPjwvc3ZnPg==\" style=\"--smush-placeholder-width: 800px; --smush-placeholder-aspect-ratio: 800\/534;\" \/>\t\t\t\t\t\t\t\t\t\t\t\t\t\t\t<\/div>\n\t\t\t\t<\/div>\n\t\t\t\t<\/div>\n\t\t<div class=\"elementor-element elementor-element-ab08330 e-con-full e-flex e-con e-child\" data-id=\"ab08330\" data-element_type=\"container\" data-e-type=\"container\" data-settings=\"{&quot;jet_parallax_layout_list&quot;:[]}\">\n\t\t<div class=\"elementor-element elementor-element-81925aa e-con-full e-flex e-con e-child\" data-id=\"81925aa\" data-element_type=\"container\" data-e-type=\"container\" data-settings=\"{&quot;jet_parallax_layout_list&quot;:[]}\">\n\t\t\t\t<div class=\"elementor-element elementor-element-5a5452f elementor-widget elementor-widget-image\" data-id=\"5a5452f\" data-element_type=\"widget\" data-e-type=\"widget\" data-widget_type=\"image.default\">\n\t\t\t\t\t\t\t\t\t\t\t\t\t\t\t<img decoding=\"async\" width=\"800\" height=\"534\" data-src=\"https:\/\/www.gaiaschoolcr.org\/wp-content\/uploads\/2025\/12\/DSC08855-1024x683.jpg\" class=\"attachment-large size-large wp-image-569 lazyload\" alt=\"\" data-srcset=\"https:\/\/www.gaiaschoolcr.org\/wp-content\/uploads\/2025\/12\/DSC08855-1024x683.jpg 1024w, https:\/\/www.gaiaschoolcr.org\/wp-content\/uploads\/2025\/12\/DSC08855-300x200.jpg 300w, https:\/\/www.gaiaschoolcr.org\/wp-content\/uploads\/2025\/12\/DSC08855-768x512.jpg 768w, https:\/\/www.gaiaschoolcr.org\/wp-content\/uploads\/2025\/12\/DSC08855-1536x1025.jpg 1536w, https:\/\/www.gaiaschoolcr.org\/wp-content\/uploads\/2025\/12\/DSC08855-2048x1366.jpg 2048w\" data-sizes=\"(max-width: 800px) 100vw, 800px\" src=\"data:image\/svg+xml;base64,PHN2ZyB3aWR0aD0iMSIgaGVpZ2h0PSIxIiB4bWxucz0iaHR0cDovL3d3dy53My5vcmcvMjAwMC9zdmciPjwvc3ZnPg==\" style=\"--smush-placeholder-width: 800px; --smush-placeholder-aspect-ratio: 800\/534;\" \/>\t\t\t\t\t\t\t\t\t\t\t\t\t\t\t<\/div>\n\t\t\t\t<\/div>\n\t\t<div class=\"elementor-element elementor-element-682540e e-con-full e-flex e-con e-child\" data-id=\"682540e\" data-element_type=\"container\" data-e-type=\"container\" data-settings=\"{&quot;background_background&quot;:&quot;classic&quot;,&quot;jet_parallax_layout_list&quot;:[]}\">\n\t\t\t\t<div class=\"elementor-element elementor-element-fff5371 elementor-widget elementor-widget-heading\" data-id=\"fff5371\" data-element_type=\"widget\" data-e-type=\"widget\" data-widget_type=\"heading.default\">\n\t\t\t\t\t<h2 class=\"elementor-heading-title elementor-size-default\">Contribuci\u00f3n mensual<\/h2>\t\t\t\t<\/div>\n\t\t\t\t<div class=\"elementor-element elementor-element-0ae0f6f elementor-widget elementor-widget-text-editor\" data-id=\"0ae0f6f\" data-element_type=\"widget\" data-e-type=\"widget\" data-widget_type=\"text-editor.default\">\n\t\t\t\t\t\t\t\t\t<p><span style=\"font-weight: 400;\">Convertite en un colaborador constante a trav\u00e9s de una contribuci\u00f3n mensual. El apoyo continuo permite que la escuela pueda planificar a largo plazo y seguir ampliando oportunidades para m\u00e1s estudiantes.<\/span><\/p><p><span style=\"font-weight: 400;\">Montos sugeridos para contribuciones mensuales:<\/span><span style=\"font-weight: 400;\"><br \/><\/span> <span style=\"font-weight: 400;\">$200 \u00b7 $500 \u00b7 $1,000<\/span><\/p>\t\t\t\t\t\t\t\t<\/div>\n\t\t\t\t<\/div>\n\t\t\t\t<\/div>\n\t\t<div class=\"elementor-element elementor-element-08d3097 e-con-full e-flex e-con e-child\" data-id=\"08d3097\" data-element_type=\"container\" data-e-type=\"container\" data-settings=\"{&quot;jet_parallax_layout_list&quot;:[],&quot;background_background&quot;:&quot;classic&quot;}\">\n\t\t<div class=\"elementor-element elementor-element-c6732e8 e-con-full e-flex e-con e-child\" data-id=\"c6732e8\" data-element_type=\"container\" data-e-type=\"container\" data-settings=\"{&quot;jet_parallax_layout_list&quot;:[],&quot;background_background&quot;:&quot;classic&quot;}\">\n\t\t\t\t<div class=\"elementor-element elementor-element-20b28eb elementor-widget elementor-widget-text-editor\" data-id=\"20b28eb\" data-element_type=\"widget\" data-e-type=\"widget\" data-widget_type=\"text-editor.default\">\n\t\t\t\t\t\t\t\t\t<p><b>Contacto<\/b><\/p><p><span style=\"font-weight: 400;\">Para conocer m\u00e1s sobre c\u00f3mo contribuir, pod\u00e9s escribirnos a <\/span><b>angie.briceno@gaiaschoolcr.org<\/b><span style=\"font-weight: 400;\">.<\/span><span style=\"font-weight: 400;\"><br \/><\/span><span style=\"font-weight: 400;\">Con gusto te acompa\u00f1aremos en el proceso.<\/span><\/p>\t\t\t\t\t\t\t\t<\/div>\n\t\t\t\t<\/div>\n\t\t\t\t<\/div>\n\t\t\t\t\t<\/div>\n\t\t\t\t<\/div>\n\t\t\t\t<\/div>","protected":false},"excerpt":{"rendered":"<p>At Gaia School, we greatly appreciate the generosity and support of individuals like you who are interested in contributing to our mission of providing a holistic and meaningful education to our students. There are different ways to support the school. Your contribution helps expand access to our educational program and supports students in our community. [&hellip;]<\/p>\n","protected":false},"author":1,"featured_media":0,"parent":0,"menu_order":0,"comment_status":"closed","ping_status":"closed","template":"","meta":{"_joinchat":[],"footnotes":""},"class_list":["post-1002","page","type-page","status-publish","hentry"],"yoast_head":"<!-- This site is optimized with the Yoast SEO plugin v27.6 - https:\/\/yoast.com\/product\/yoast-seo-wordpress\/ -->\n<title>Ways to Give - Gaia School<\/title>\n<meta name=\"robots\" content=\"index, follow, max-snippet:-1, max-image-preview:large, max-video-preview:-1\" \/>\n<link rel=\"canonical\" href=\"https:\/\/www.gaiaschoolcr.org\/es\/ways-to-give\/\" \/>\n<meta property=\"og:locale\" content=\"es_ES\" \/>\n<meta property=\"og:type\" content=\"article\" \/>\n<meta property=\"og:title\" content=\"Ways to Give - Gaia School\" \/>\n<meta property=\"og:description\" content=\"At Gaia School, we greatly appreciate the generosity and support of individuals like you who are interested in contributing to our mission of providing a holistic and meaningful education to our students. There are different ways to support the school. Your contribution helps expand access to our educational program and supports students in our community. [&hellip;]\" \/>\n<meta property=\"og:url\" content=\"https:\/\/www.gaiaschoolcr.org\/es\/ways-to-give\/\" \/>\n<meta property=\"og:site_name\" content=\"Gaia School\" \/>\n<meta property=\"article:modified_time\" content=\"2026-05-13T15:33:34+00:00\" \/>\n<meta property=\"og:image\" content=\"https:\/\/www.gaiaschoolcr.org\/wp-content\/uploads\/2026\/01\/FOTO-PARA-SCREESHOT.jpg\" \/>\n\t<meta property=\"og:image:width\" content=\"1920\" \/>\n\t<meta property=\"og:image:height\" content=\"1281\" \/>\n\t<meta property=\"og:image:type\" content=\"image\/jpeg\" \/>\n<meta name=\"twitter:card\" content=\"summary_large_image\" \/>\n<meta name=\"twitter:label1\" content=\"Est. reading time\" \/>\n\t<meta name=\"twitter:data1\" content=\"1 minuto\" \/>\n<script type=\"application\/ld+json\" class=\"yoast-schema-graph\">{\"@context\":\"https:\\\/\\\/schema.org\",\"@graph\":[{\"@type\":\"WebPage\",\"@id\":\"https:\\\/\\\/www.gaiaschoolcr.org\\\/ways-to-give\\\/\",\"url\":\"https:\\\/\\\/www.gaiaschoolcr.org\\\/ways-to-give\\\/\",\"name\":\"Ways to Give - Gaia School\",\"isPartOf\":{\"@id\":\"https:\\\/\\\/www.gaiaschoolcr.org\\\/#website\"},\"primaryImageOfPage\":{\"@id\":\"https:\\\/\\\/www.gaiaschoolcr.org\\\/ways-to-give\\\/#primaryimage\"},\"image\":{\"@id\":\"https:\\\/\\\/www.gaiaschoolcr.org\\\/ways-to-give\\\/#primaryimage\"},\"thumbnailUrl\":\"https:\\\/\\\/www.gaiaschoolcr.org\\\/wp-content\\\/uploads\\\/2026\\\/01\\\/FOTO-PARA-SCREESHOT.jpg\",\"datePublished\":\"2026-02-26T18:35:32+00:00\",\"dateModified\":\"2026-05-13T15:33:34+00:00\",\"breadcrumb\":{\"@id\":\"https:\\\/\\\/www.gaiaschoolcr.org\\\/ways-to-give\\\/#breadcrumb\"},\"inLanguage\":\"es-CR\",\"potentialAction\":[{\"@type\":\"ReadAction\",\"target\":[\"https:\\\/\\\/www.gaiaschoolcr.org\\\/ways-to-give\\\/\"]}]},{\"@type\":\"ImageObject\",\"inLanguage\":\"es-CR\",\"@id\":\"https:\\\/\\\/www.gaiaschoolcr.org\\\/ways-to-give\\\/#primaryimage\",\"url\":\"https:\\\/\\\/www.gaiaschoolcr.org\\\/wp-content\\\/uploads\\\/2026\\\/01\\\/FOTO-PARA-SCREESHOT.jpg\",\"contentUrl\":\"https:\\\/\\\/www.gaiaschoolcr.org\\\/wp-content\\\/uploads\\\/2026\\\/01\\\/FOTO-PARA-SCREESHOT.jpg\"},{\"@type\":\"BreadcrumbList\",\"@id\":\"https:\\\/\\\/www.gaiaschoolcr.org\\\/ways-to-give\\\/#breadcrumb\",\"itemListElement\":[{\"@type\":\"ListItem\",\"position\":1,\"name\":\"Portada\",\"item\":\"https:\\\/\\\/www.gaiaschoolcr.org\\\/\"},{\"@type\":\"ListItem\",\"position\":2,\"name\":\"Ways to Give\"}]},{\"@type\":\"WebSite\",\"@id\":\"https:\\\/\\\/www.gaiaschoolcr.org\\\/#website\",\"url\":\"https:\\\/\\\/www.gaiaschoolcr.org\\\/\",\"name\":\"Gaia School\",\"description\":\"A Waldorf-inspired school in Costa Rica\",\"potentialAction\":[{\"@type\":\"SearchAction\",\"target\":{\"@type\":\"EntryPoint\",\"urlTemplate\":\"https:\\\/\\\/www.gaiaschoolcr.org\\\/?s={search_term_string}\"},\"query-input\":{\"@type\":\"PropertyValueSpecification\",\"valueRequired\":true,\"valueName\":\"search_term_string\"}}],\"inLanguage\":\"es-CR\"}]}<\/script>\n<!-- \/ Yoast SEO plugin. -->","yoast_head_json":{"title":"Ways to Give - Gaia School","robots":{"index":"index","follow":"follow","max-snippet":"max-snippet:-1","max-image-preview":"max-image-preview:large","max-video-preview":"max-video-preview:-1"},"canonical":"https:\/\/www.gaiaschoolcr.org\/es\/ways-to-give\/","og_locale":"es_ES","og_type":"article","og_title":"Ways to Give - Gaia School","og_description":"At Gaia School, we greatly appreciate the generosity and support of individuals like you who are interested in contributing to our mission of providing a holistic and meaningful education to our students. There are different ways to support the school. Your contribution helps expand access to our educational program and supports students in our community. [&hellip;]","og_url":"https:\/\/www.gaiaschoolcr.org\/es\/ways-to-give\/","og_site_name":"Gaia School","article_modified_time":"2026-05-13T15:33:34+00:00","og_image":[{"width":1920,"height":1281,"url":"https:\/\/www.gaiaschoolcr.org\/wp-content\/uploads\/2026\/01\/FOTO-PARA-SCREESHOT.jpg","type":"image\/jpeg"}],"twitter_card":"summary_large_image","twitter_misc":{"Est. reading time":"1 minuto"},"schema":{"@context":"https:\/\/schema.org","@graph":[{"@type":"WebPage","@id":"https:\/\/www.gaiaschoolcr.org\/ways-to-give\/","url":"https:\/\/www.gaiaschoolcr.org\/ways-to-give\/","name":"Ways to Give - Gaia School","isPartOf":{"@id":"https:\/\/www.gaiaschoolcr.org\/#website"},"primaryImageOfPage":{"@id":"https:\/\/www.gaiaschoolcr.org\/ways-to-give\/#primaryimage"},"image":{"@id":"https:\/\/www.gaiaschoolcr.org\/ways-to-give\/#primaryimage"},"thumbnailUrl":"https:\/\/www.gaiaschoolcr.org\/wp-content\/uploads\/2026\/01\/FOTO-PARA-SCREESHOT.jpg","datePublished":"2026-02-26T18:35:32+00:00","dateModified":"2026-05-13T15:33:34+00:00","breadcrumb":{"@id":"https:\/\/www.gaiaschoolcr.org\/ways-to-give\/#breadcrumb"},"inLanguage":"es-CR","potentialAction":[{"@type":"ReadAction","target":["https:\/\/www.gaiaschoolcr.org\/ways-to-give\/"]}]},{"@type":"ImageObject","inLanguage":"es-CR","@id":"https:\/\/www.gaiaschoolcr.org\/ways-to-give\/#primaryimage","url":"https:\/\/www.gaiaschoolcr.org\/wp-content\/uploads\/2026\/01\/FOTO-PARA-SCREESHOT.jpg","contentUrl":"https:\/\/www.gaiaschoolcr.org\/wp-content\/uploads\/2026\/01\/FOTO-PARA-SCREESHOT.jpg"},{"@type":"BreadcrumbList","@id":"https:\/\/www.gaiaschoolcr.org\/ways-to-give\/#breadcrumb","itemListElement":[{"@type":"ListItem","position":1,"name":"Portada","item":"https:\/\/www.gaiaschoolcr.org\/"},{"@type":"ListItem","position":2,"name":"Ways to Give"}]},{"@type":"WebSite","@id":"https:\/\/www.gaiaschoolcr.org\/#website","url":"https:\/\/www.gaiaschoolcr.org\/","name":"Gaia School","description":"A Waldorf-inspired school in Costa Rica","potentialAction":[{"@type":"SearchAction","target":{"@type":"EntryPoint","urlTemplate":"https:\/\/www.gaiaschoolcr.org\/?s={search_term_string}"},"query-input":{"@type":"PropertyValueSpecification","valueRequired":true,"valueName":"search_term_string"}}],"inLanguage":"es-CR"}]}},"_links":{"self":[{"href":"https:\/\/www.gaiaschoolcr.org\/es\/wp-json\/wp\/v2\/pages\/1002","targetHints":{"allow":["GET"]}}],"collection":[{"href":"https:\/\/www.gaiaschoolcr.org\/es\/wp-json\/wp\/v2\/pages"}],"about":[{"href":"https:\/\/www.gaiaschoolcr.org\/es\/wp-json\/wp\/v2\/types\/page"}],"author":[{"embeddable":true,"href":"https:\/\/www.gaiaschoolcr.org\/es\/wp-json\/wp\/v2\/users\/1"}],"replies":[{"embeddable":true,"href":"https:\/\/www.gaiaschoolcr.org\/es\/wp-json\/wp\/v2\/comments?post=1002"}],"version-history":[{"count":0,"href":"https:\/\/www.gaiaschoolcr.org\/es\/wp-json\/wp\/v2\/pages\/1002\/revisions"}],"wp:attachment":[{"href":"https:\/\/www.gaiaschoolcr.org\/es\/wp-json\/wp\/v2\/media?parent=1002"}],"curies":[{"name":"wp","href":"https:\/\/api.w.org\/{rel}","templated":true}]}}