{"id":361,"date":"2025-12-16T16:54:37","date_gmt":"2025-12-16T16:54:37","guid":{"rendered":"https:\/\/www.gaiaschoolcr.org\/early-presshool\/"},"modified":"2026-05-12T21:29:34","modified_gmt":"2026-05-12T21:29:34","slug":"early-childhood","status":"publish","type":"page","link":"https:\/\/www.gaiaschoolcr.org\/es\/early-childhood\/","title":{"rendered":"Primera infancia"},"content":{"rendered":"<div data-elementor-type=\"wp-page\" data-elementor-id=\"361\" class=\"elementor elementor-361\" data-elementor-post-type=\"page\">\n\t\t\t\t<div class=\"elementor-element elementor-element-2f4fd1c e-flex e-con-boxed e-con e-parent\" data-id=\"2f4fd1c\" data-element_type=\"container\" data-e-type=\"container\" data-settings=\"{&quot;background_background&quot;:&quot;classic&quot;,&quot;jet_parallax_layout_list&quot;:[]}\">\n\t\t\t\t\t<div class=\"e-con-inner\">\n\t\t\t\t<div class=\"elementor-element elementor-element-1b9dd6a elementor-widget__width-initial elementor-widget-mobile__width-inherit elementor-widget elementor-widget-heading\" data-id=\"1b9dd6a\" data-element_type=\"widget\" data-e-type=\"widget\" data-widget_type=\"heading.default\">\n\t\t\t\t\t<h2 class=\"elementor-heading-title elementor-size-default\">Primera infancia<\/h2>\t\t\t\t<\/div>\n\t\t\t\t\t<\/div>\n\t\t\t\t<\/div>\n\t\t<div class=\"elementor-element elementor-element-29fec93 e-flex e-con-boxed e-con e-parent\" data-id=\"29fec93\" data-element_type=\"container\" data-e-type=\"container\" data-settings=\"{&quot;background_background&quot;:&quot;classic&quot;,&quot;jet_parallax_layout_list&quot;:[]}\">\n\t\t\t\t\t<div class=\"e-con-inner\">\n\t\t<div class=\"elementor-element elementor-element-161e3e5 e-con-full e-flex e-con e-child\" data-id=\"161e3e5\" data-element_type=\"container\" data-e-type=\"container\" data-settings=\"{&quot;jet_parallax_layout_list&quot;:[]}\">\n\t\t\t\t<div class=\"elementor-element elementor-element-09d602e elementor-widget elementor-widget-image\" data-id=\"09d602e\" data-element_type=\"widget\" data-e-type=\"widget\" data-widget_type=\"image.default\">\n\t\t\t\t\t\t\t\t\t\t\t\t\t\t\t<img fetchpriority=\"high\" decoding=\"async\" width=\"1440\" height=\"2560\" src=\"https:\/\/www.gaiaschoolcr.org\/wp-content\/uploads\/2026\/01\/PORTADA.jpg\" class=\"attachment-full size-full wp-image-637\" alt=\"\" srcset=\"https:\/\/www.gaiaschoolcr.org\/wp-content\/uploads\/2026\/01\/PORTADA.jpg 1440w, https:\/\/www.gaiaschoolcr.org\/wp-content\/uploads\/2026\/01\/PORTADA-169x300.jpg 169w, https:\/\/www.gaiaschoolcr.org\/wp-content\/uploads\/2026\/01\/PORTADA-576x1024.jpg 576w, https:\/\/www.gaiaschoolcr.org\/wp-content\/uploads\/2026\/01\/PORTADA-768x1365.jpg 768w, https:\/\/www.gaiaschoolcr.org\/wp-content\/uploads\/2026\/01\/PORTADA-864x1536.jpg 864w, https:\/\/www.gaiaschoolcr.org\/wp-content\/uploads\/2026\/01\/PORTADA-1152x2048.jpg 1152w, https:\/\/www.gaiaschoolcr.org\/wp-content\/uploads\/2026\/01\/PORTADA-7x12.jpg 7w\" sizes=\"(max-width: 1440px) 100vw, 1440px\" \/>\t\t\t\t\t\t\t\t\t\t\t\t\t\t\t<\/div>\n\t\t\t\t<\/div>\n\t\t<div class=\"elementor-element elementor-element-b2b6687 e-con-full e-flex e-con e-child\" data-id=\"b2b6687\" data-element_type=\"container\" data-e-type=\"container\" data-settings=\"{&quot;jet_parallax_layout_list&quot;:[]}\">\n\t\t\t\t<div class=\"elementor-element elementor-element-0c7a252 elementor-widget elementor-widget-heading\" data-id=\"0c7a252\" data-element_type=\"widget\" data-e-type=\"widget\" data-widget_type=\"heading.default\">\n\t\t\t\t\t<h2 class=\"elementor-heading-title elementor-size-default\">\u00bfC\u00f3mo es la primera infancia en Gaia?<\/h2>\t\t\t\t<\/div>\n\t\t\t\t<div class=\"elementor-element elementor-element-0ddd5d6 elementor-widget elementor-widget-heading\" data-id=\"0ddd5d6\" data-element_type=\"widget\" data-e-type=\"widget\" data-widget_type=\"heading.default\">\n\t\t\t\t\t<h2 class=\"elementor-heading-title elementor-size-default\">El programa de primera infancia es una etapa en la que las actividades diarias transcurren de manera natural y sin prisa, siguiendo un ritmo y una rutina consistentes. Para los ni\u00f1os peque\u00f1os, especialmente antes de los 7 a\u00f1os, este ritmo es fundamental para fortalecer la sensaci\u00f3n de seguridad,<br>estabilidad y bienestar.<br><br>\nEn nuestro programa de primera infancia, las actividades diarias se basan en la comprensi\u00f3n de que los ni\u00f1os aprenden principalmente a trav\u00e9s de la imitaci\u00f3n, el juego imaginativo y las experiencias reales. Nuestros maestros acompa\u00f1an la creatividad mediante historias, m\u00fasica, actividades art\u00edsticas y abundante tiempo de juego al aire libre. Estos primeros a\u00f1os construyen la base para futuros aprendizajes acad\u00e9micos y para el desarrollo integral a lo largo de la vida.\n<\/h2>\t\t\t\t<\/div>\n\t\t\t\t<\/div>\n\t\t\t\t\t<\/div>\n\t\t\t\t<\/div>\n\t\t\t\t<\/div>","protected":false},"excerpt":{"rendered":"<p>What is Early Childhood like at Gaia? The Early Childhood Program is a time when daily activities unfold in an unhurried, natural way, following a consistent rhythm and routine. For young children, especially before the age of 7, this rhythm is essential for supporting a sense of security, consistency, and well-being. In our Early Childhood [&hellip;]<\/p>\n","protected":false},"author":1,"featured_media":0,"parent":0,"menu_order":0,"comment_status":"closed","ping_status":"closed","template":"","meta":{"_joinchat":[],"footnotes":""},"class_list":["post-361","page","type-page","status-publish","hentry"],"yoast_head":"<!-- This site is optimized with the Yoast SEO plugin v27.6 - https:\/\/yoast.com\/product\/yoast-seo-wordpress\/ -->\n<title>Early Childhood - Gaia School<\/title>\n<meta name=\"robots\" content=\"index, follow, max-snippet:-1, max-image-preview:large, max-video-preview:-1\" \/>\n<link rel=\"canonical\" href=\"https:\/\/www.gaiaschoolcr.org\/es\/early-childhood\/\" \/>\n<meta property=\"og:locale\" content=\"es_ES\" \/>\n<meta property=\"og:type\" content=\"article\" \/>\n<meta property=\"og:title\" content=\"Early Childhood - Gaia School\" \/>\n<meta property=\"og:description\" content=\"What is Early Childhood like at Gaia? The Early Childhood Program is a time when daily activities unfold in an unhurried, natural way, following a consistent rhythm and routine. For young children, especially before the age of 7, this rhythm is essential for supporting a sense of security, consistency, and well-being. In our Early Childhood [&hellip;]\" \/>\n<meta property=\"og:url\" content=\"https:\/\/www.gaiaschoolcr.org\/es\/early-childhood\/\" \/>\n<meta property=\"og:site_name\" content=\"Gaia School\" \/>\n<meta property=\"article:modified_time\" content=\"2026-05-12T21:29:34+00:00\" \/>\n<meta property=\"og:image\" content=\"https:\/\/www.gaiaschoolcr.org\/wp-content\/uploads\/2026\/01\/PORTADA.jpg\" \/>\n\t<meta property=\"og:image:width\" content=\"1440\" \/>\n\t<meta property=\"og:image:height\" content=\"2560\" \/>\n\t<meta property=\"og:image:type\" content=\"image\/jpeg\" \/>\n<meta name=\"twitter:card\" content=\"summary_large_image\" \/>\n<meta name=\"twitter:label1\" content=\"Est. reading time\" \/>\n\t<meta name=\"twitter:data1\" content=\"1 minuto\" \/>\n<script type=\"application\/ld+json\" class=\"yoast-schema-graph\">{\"@context\":\"https:\\\/\\\/schema.org\",\"@graph\":[{\"@type\":\"WebPage\",\"@id\":\"https:\\\/\\\/www.gaiaschoolcr.org\\\/early-childhood\\\/\",\"url\":\"https:\\\/\\\/www.gaiaschoolcr.org\\\/early-childhood\\\/\",\"name\":\"Early Childhood - Gaia School\",\"isPartOf\":{\"@id\":\"https:\\\/\\\/www.gaiaschoolcr.org\\\/#website\"},\"primaryImageOfPage\":{\"@id\":\"https:\\\/\\\/www.gaiaschoolcr.org\\\/early-childhood\\\/#primaryimage\"},\"image\":{\"@id\":\"https:\\\/\\\/www.gaiaschoolcr.org\\\/early-childhood\\\/#primaryimage\"},\"thumbnailUrl\":\"https:\\\/\\\/www.gaiaschoolcr.org\\\/wp-content\\\/uploads\\\/2026\\\/01\\\/PORTADA.jpg\",\"datePublished\":\"2025-12-16T16:54:37+00:00\",\"dateModified\":\"2026-05-12T21:29:34+00:00\",\"breadcrumb\":{\"@id\":\"https:\\\/\\\/www.gaiaschoolcr.org\\\/early-childhood\\\/#breadcrumb\"},\"inLanguage\":\"es-CR\",\"potentialAction\":[{\"@type\":\"ReadAction\",\"target\":[\"https:\\\/\\\/www.gaiaschoolcr.org\\\/early-childhood\\\/\"]}]},{\"@type\":\"ImageObject\",\"inLanguage\":\"es-CR\",\"@id\":\"https:\\\/\\\/www.gaiaschoolcr.org\\\/early-childhood\\\/#primaryimage\",\"url\":\"https:\\\/\\\/www.gaiaschoolcr.org\\\/wp-content\\\/uploads\\\/2026\\\/01\\\/PORTADA.jpg\",\"contentUrl\":\"https:\\\/\\\/www.gaiaschoolcr.org\\\/wp-content\\\/uploads\\\/2026\\\/01\\\/PORTADA.jpg\"},{\"@type\":\"BreadcrumbList\",\"@id\":\"https:\\\/\\\/www.gaiaschoolcr.org\\\/early-childhood\\\/#breadcrumb\",\"itemListElement\":[{\"@type\":\"ListItem\",\"position\":1,\"name\":\"Portada\",\"item\":\"https:\\\/\\\/www.gaiaschoolcr.org\\\/\"},{\"@type\":\"ListItem\",\"position\":2,\"name\":\"Early Childhood\"}]},{\"@type\":\"WebSite\",\"@id\":\"https:\\\/\\\/www.gaiaschoolcr.org\\\/#website\",\"url\":\"https:\\\/\\\/www.gaiaschoolcr.org\\\/\",\"name\":\"Gaia School\",\"description\":\"A Waldorf-inspired school in Costa Rica\",\"potentialAction\":[{\"@type\":\"SearchAction\",\"target\":{\"@type\":\"EntryPoint\",\"urlTemplate\":\"https:\\\/\\\/www.gaiaschoolcr.org\\\/?s={search_term_string}\"},\"query-input\":{\"@type\":\"PropertyValueSpecification\",\"valueRequired\":true,\"valueName\":\"search_term_string\"}}],\"inLanguage\":\"es-CR\"}]}<\/script>\n<!-- \/ Yoast SEO plugin. -->","yoast_head_json":{"title":"Early Childhood - Gaia School","robots":{"index":"index","follow":"follow","max-snippet":"max-snippet:-1","max-image-preview":"max-image-preview:large","max-video-preview":"max-video-preview:-1"},"canonical":"https:\/\/www.gaiaschoolcr.org\/es\/early-childhood\/","og_locale":"es_ES","og_type":"article","og_title":"Early Childhood - Gaia School","og_description":"What is Early Childhood like at Gaia? The Early Childhood Program is a time when daily activities unfold in an unhurried, natural way, following a consistent rhythm and routine. For young children, especially before the age of 7, this rhythm is essential for supporting a sense of security, consistency, and well-being. In our Early Childhood [&hellip;]","og_url":"https:\/\/www.gaiaschoolcr.org\/es\/early-childhood\/","og_site_name":"Gaia School","article_modified_time":"2026-05-12T21:29:34+00:00","og_image":[{"width":1440,"height":2560,"url":"https:\/\/www.gaiaschoolcr.org\/wp-content\/uploads\/2026\/01\/PORTADA.jpg","type":"image\/jpeg"}],"twitter_card":"summary_large_image","twitter_misc":{"Est. reading time":"1 minuto"},"schema":{"@context":"https:\/\/schema.org","@graph":[{"@type":"WebPage","@id":"https:\/\/www.gaiaschoolcr.org\/early-childhood\/","url":"https:\/\/www.gaiaschoolcr.org\/early-childhood\/","name":"Early Childhood - Gaia School","isPartOf":{"@id":"https:\/\/www.gaiaschoolcr.org\/#website"},"primaryImageOfPage":{"@id":"https:\/\/www.gaiaschoolcr.org\/early-childhood\/#primaryimage"},"image":{"@id":"https:\/\/www.gaiaschoolcr.org\/early-childhood\/#primaryimage"},"thumbnailUrl":"https:\/\/www.gaiaschoolcr.org\/wp-content\/uploads\/2026\/01\/PORTADA.jpg","datePublished":"2025-12-16T16:54:37+00:00","dateModified":"2026-05-12T21:29:34+00:00","breadcrumb":{"@id":"https:\/\/www.gaiaschoolcr.org\/early-childhood\/#breadcrumb"},"inLanguage":"es-CR","potentialAction":[{"@type":"ReadAction","target":["https:\/\/www.gaiaschoolcr.org\/early-childhood\/"]}]},{"@type":"ImageObject","inLanguage":"es-CR","@id":"https:\/\/www.gaiaschoolcr.org\/early-childhood\/#primaryimage","url":"https:\/\/www.gaiaschoolcr.org\/wp-content\/uploads\/2026\/01\/PORTADA.jpg","contentUrl":"https:\/\/www.gaiaschoolcr.org\/wp-content\/uploads\/2026\/01\/PORTADA.jpg"},{"@type":"BreadcrumbList","@id":"https:\/\/www.gaiaschoolcr.org\/early-childhood\/#breadcrumb","itemListElement":[{"@type":"ListItem","position":1,"name":"Portada","item":"https:\/\/www.gaiaschoolcr.org\/"},{"@type":"ListItem","position":2,"name":"Early Childhood"}]},{"@type":"WebSite","@id":"https:\/\/www.gaiaschoolcr.org\/#website","url":"https:\/\/www.gaiaschoolcr.org\/","name":"Gaia School","description":"A Waldorf-inspired school in Costa Rica","potentialAction":[{"@type":"SearchAction","target":{"@type":"EntryPoint","urlTemplate":"https:\/\/www.gaiaschoolcr.org\/?s={search_term_string}"},"query-input":{"@type":"PropertyValueSpecification","valueRequired":true,"valueName":"search_term_string"}}],"inLanguage":"es-CR"}]}},"_links":{"self":[{"href":"https:\/\/www.gaiaschoolcr.org\/es\/wp-json\/wp\/v2\/pages\/361","targetHints":{"allow":["GET"]}}],"collection":[{"href":"https:\/\/www.gaiaschoolcr.org\/es\/wp-json\/wp\/v2\/pages"}],"about":[{"href":"https:\/\/www.gaiaschoolcr.org\/es\/wp-json\/wp\/v2\/types\/page"}],"author":[{"embeddable":true,"href":"https:\/\/www.gaiaschoolcr.org\/es\/wp-json\/wp\/v2\/users\/1"}],"replies":[{"embeddable":true,"href":"https:\/\/www.gaiaschoolcr.org\/es\/wp-json\/wp\/v2\/comments?post=361"}],"version-history":[{"count":0,"href":"https:\/\/www.gaiaschoolcr.org\/es\/wp-json\/wp\/v2\/pages\/361\/revisions"}],"wp:attachment":[{"href":"https:\/\/www.gaiaschoolcr.org\/es\/wp-json\/wp\/v2\/media?parent=361"}],"curies":[{"name":"wp","href":"https:\/\/api.w.org\/{rel}","templated":true}]}}